{"id":20,"date":"2024-06-26T12:29:04","date_gmt":"2024-06-26T10:29:04","guid":{"rendered":"https:\/\/militarnibracia.pl\/?page_id=20"},"modified":"2024-06-26T16:40:10","modified_gmt":"2024-06-26T14:40:10","slug":"galeria","status":"publish","type":"page","link":"https:\/\/militarnibracia.pl\/?page_id=20","title":{"rendered":"Galeria"},"content":{"rendered":"<section class=\"bde-section-20-100 bde-section\">\n  \n\t\n\n\n\n<div class=\"section-container\"><h1 class=\"bde-heading-20-102 bde-heading\">\nHistoria w Obiektywie\n<\/h1><div class=\"bde-text-20-103 bde-text\">\nOdkryj nasz\u0105 kolekcj\u0119 zdj\u0119\u0107 z rekonstrukcji historycznych, zlot\u00f3w oraz pokaz\u00f3w wojskowych. Przenie\u015b si\u0119 w czasie i poczuj ducha minionych epok.\n<\/div><div class=\"bde-shortcode-20-101 bde-shortcode\">\n<style type=\"text\/css\">.foogallery-album-gallery-list .foogallery-pile h3 { background: #fff !important; }.foogallery-album-gallery-list .foogallery-pile h3 { color: #000000 !important; }<\/style><div id=\"foogallery-album-270\">\r\n\t<ul class=\"foogallery-album-gallery-list alignment-left\">\r\n\t\t\t\t\t\t<li>\r\n\t\t\t\t\t<div class=\"foogallery-pile\">\r\n\t\t\t\t\t\t<div class=\"foogallery-pile-inner\">\r\n\t\t\t\t\t\t\t<a href=\"\/index.php?rest_route=%2Fwp%2Fv2%2Fpages%2F20&#038;gallery=243\" target=\"_self\">\r\n\t\t\t\t\t\t\t\t<img loading=\"lazy\" decoding=\"async\"  src=\"https:\/\/militarnibracia.pl\/wp-content\/uploads\/cache\/2024\/06\/bracia_2_28_1-3-scaled\/2677346199.jpg\" width=\"300\" height=\"300\" class=\"skip-lazy\" \/>\t\t\t\t\t\t\t\t\t\t\t\t\t\t\t\t<h3>Groby Zakrzewskie\t\t\t\t\t\t\t\t\t<span>24 images<\/span>\r\n\t\t\t\t\t\t\t\t<\/h3>\r\n\t\t\t\t\t\t\t<\/a>\r\n\t\t\t\t\t\t<\/div>\r\n\t\t\t\t\t<\/div>\r\n\t\t\t\t<\/li>\r\n\t\t\t\t\t\t\t\t\t<li>\r\n\t\t\t\t\t<div class=\"foogallery-pile\">\r\n\t\t\t\t\t\t<div class=\"foogallery-pile-inner\">\r\n\t\t\t\t\t\t\t<a href=\"\/index.php?rest_route=%2Fwp%2Fv2%2Fpages%2F20&#038;gallery=chata-wiejska\" target=\"_self\">\r\n\t\t\t\t\t\t\t\t<img loading=\"lazy\" decoding=\"async\"  src=\"https:\/\/militarnibracia.pl\/wp-content\/uploads\/cache\/2024\/06\/chata_wiejska_bracia_1_8_1-3-scaled\/3218472866.jpg\" width=\"300\" height=\"300\" class=\"skip-lazy\" \/>\t\t\t\t\t\t\t\t\t\t\t\t\t\t\t\t<h3>Chata Wiejska\t\t\t\t\t\t\t\t\t<span>19 images<\/span>\r\n\t\t\t\t\t\t\t\t<\/h3>\r\n\t\t\t\t\t\t\t<\/a>\r\n\t\t\t\t\t\t<\/div>\r\n\t\t\t\t\t<\/div>\r\n\t\t\t\t<\/li>\r\n\t\t\t\t\t\t<\/ul>\r\n\t<div style=\"clear: both;\"><\/div>\r\n<\/div>\r\n\n<\/div><\/div>\n<\/section>","protected":false},"excerpt":{"rendered":"<p>Historia w Obiektywie Odkryj nasz\u0105 kolekcj\u0119 zdj\u0119\u0107 z rekonstrukcji historycznych, zlot\u00f3w oraz pokaz\u00f3w wojskowych. Przenie\u015b si\u0119 w czasie i poczuj ducha minionych epok. Groby Zakrzewskie 24 images Chata Wiejska 19 images<\/p>\n","protected":false},"author":1,"featured_media":0,"parent":0,"menu_order":0,"comment_status":"closed","ping_status":"closed","template":"","meta":{"_breakdance_hide_in_design_set":false,"_breakdance_tags":"","footnotes":""},"class_list":["post-20","page","type-page","status-publish","hentry"],"_links":{"self":[{"href":"https:\/\/militarnibracia.pl\/index.php?rest_route=\/wp\/v2\/pages\/20","targetHints":{"allow":["GET"]}}],"collection":[{"href":"https:\/\/militarnibracia.pl\/index.php?rest_route=\/wp\/v2\/pages"}],"about":[{"href":"https:\/\/militarnibracia.pl\/index.php?rest_route=\/wp\/v2\/types\/page"}],"author":[{"embeddable":true,"href":"https:\/\/militarnibracia.pl\/index.php?rest_route=\/wp\/v2\/users\/1"}],"replies":[{"embeddable":true,"href":"https:\/\/militarnibracia.pl\/index.php?rest_route=%2Fwp%2Fv2%2Fcomments&post=20"}],"version-history":[{"count":23,"href":"https:\/\/militarnibracia.pl\/index.php?rest_route=\/wp\/v2\/pages\/20\/revisions"}],"predecessor-version":[{"id":277,"href":"https:\/\/militarnibracia.pl\/index.php?rest_route=\/wp\/v2\/pages\/20\/revisions\/277"}],"wp:attachment":[{"href":"https:\/\/militarnibracia.pl\/index.php?rest_route=%2Fwp%2Fv2%2Fmedia&parent=20"}],"curies":[{"name":"wp","href":"https:\/\/api.w.org\/{rel}","templated":true}]}}