{"id":18,"date":"2024-06-26T12:28:11","date_gmt":"2024-06-26T10:28:11","guid":{"rendered":"https:\/\/militarnibracia.pl\/?page_id=18"},"modified":"2024-06-26T17:50:29","modified_gmt":"2024-06-26T15:50:29","slug":"o-nas","status":"publish","type":"page","link":"https:\/\/militarnibracia.pl\/?page_id=18","title":{"rendered":"O nas"},"content":{"rendered":"<section class=\"bde-section-18-100 bde-section\">\n  \n\t\n\n\n\n<div class=\"section-container\"><h1 class=\"bde-heading-18-119 bde-heading\">\nBracia i Historia w Mundurach\n<\/h1><div class=\"bde-columns-18-101 bde-columns\"><div class=\"bde-column-18-105 bde-column\">\n  \n\t\n\n\n\n<div class=\"bde-text-18-106 bde-text\">\nWitamy w \u015bwiecie Militarnych Braci \u2013 grupy entuzjast\u00f3w historii wojskowo\u015bci, kt\u00f3rzy swoj\u0105 pasj\u0119 przekuwaj\u0105 w autentyczne rekonstrukcje historyczne. Nasza grupa sk\u0142ada si\u0119 z trzech braci, kt\u00f3rzy wsp\u00f3lnie od wielu lat oddaj\u0105 si\u0119 rekonstrukcji wydarze\u0144 z przesz\u0142o\u015bci, przywracaj\u0105c je do \u017cycia za pomoc\u0105 dok\u0142adnie odtworzonych uniform\u00f3w, pojazd\u00f3w i uzbrojenia. Zanurz si\u0119 razem z nami w fascynuj\u0105cy \u015bwiat historii, dowiedz si\u0119 wi\u0119cej o naszych dzia\u0142aniach, i zobacz, jak nasza pasja pomaga zachowa\u0107 dziedzictwo przesz\u0142o\u015bci dla przysz\u0142ych pokole\u0144.\n<\/div>\n<\/div><\/div><div class=\"bde-columns-18-108 bde-columns\"><div class=\"bde-column-18-109 bde-column\">\n  \n\t\n\n\n\n<div class=\"bde-image-18-110 bde-image\" data-entrance=\"zoomIn\">\n  \n\n\n\n\n\n<figure class=\"breakdance-image breakdance-image--313\">\n\t<div class=\"breakdance-image-container\">\n\t\t<div class=\"breakdance-image-clip\">\n\t\t\t\n\t\t\t\t\n\t\t\t\t\t      \n  \n  \n  \n  \n      \n      <img loading=\"lazy\" decoding=\"async\"\n      class=\"breakdance-image-object\"\n      src=\"https:\/\/militarnibracia.pl\/wp-content\/uploads\/2024\/06\/andrzej.jpg\"\n      width=\"504\"\n      height=\"1003\"\n      \n      \n                                    srcset=\"https:\/\/militarnibracia.pl\/wp-content\/uploads\/2024\/06\/andrzej.jpg 504w, https:\/\/militarnibracia.pl\/wp-content\/uploads\/2024\/06\/andrzej-151x300.jpg 151w\"\n                                                                      >\n  \n\n\t\t\t\t\t\n\t\t\t\t\t\t<\/div>\n\t<\/div>\n\n\t\t\t<figcaption class=\"breakdance-image__caption\">\n\t\t\tAndrzej S\u0142awi\u0144ski\n\t\t<\/figcaption>\n\t<\/figure>\n\n<\/div>\n<\/div><div class=\"bde-column-18-111 bde-column\">\n  \n\t\n\n\n\n<div class=\"bde-image-18-112 bde-image\" data-entrance=\"zoomIn\">\n  \n\n\n\n\n\n<figure class=\"breakdance-image breakdance-image--315\">\n\t<div class=\"breakdance-image-container\">\n\t\t<div class=\"breakdance-image-clip\">\n\t\t\t\n\t\t\t\t\n\t\t\t\t\t      \n  \n  \n  \n  \n      \n      <img loading=\"lazy\" decoding=\"async\"\n      class=\"breakdance-image-object\"\n      src=\"https:\/\/militarnibracia.pl\/wp-content\/uploads\/2024\/06\/krzysztof.jpg\"\n      width=\"504\"\n      height=\"1003\"\n      \n      \n                                    srcset=\"https:\/\/militarnibracia.pl\/wp-content\/uploads\/2024\/06\/krzysztof.jpg 504w, https:\/\/militarnibracia.pl\/wp-content\/uploads\/2024\/06\/krzysztof-151x300.jpg 151w\"\n                                                                      >\n  \n\n\t\t\t\t\t\n\t\t\t\t\t\t<\/div>\n\t<\/div>\n\n\t\t\t<figcaption class=\"breakdance-image__caption\">\n\t\t\tKrzysztof S\u0142awi\u0144ski\n\t\t<\/figcaption>\n\t<\/figure>\n\n<\/div>\n<\/div><div class=\"bde-column-18-113 bde-column\">\n  \n\t\n\n\n\n<div class=\"bde-image-18-114 bde-image\" data-entrance=\"zoomIn\">\n  \n\n\n\n\n\n<figure class=\"breakdance-image breakdance-image--317\">\n\t<div class=\"breakdance-image-container\">\n\t\t<div class=\"breakdance-image-clip\">\n\t\t\t\n\t\t\t\t\n\t\t\t\t\t      \n  \n  \n  \n  \n      \n      <img loading=\"lazy\" decoding=\"async\"\n      class=\"breakdance-image-object\"\n      src=\"https:\/\/militarnibracia.pl\/wp-content\/uploads\/2024\/06\/darek.jpg\"\n      width=\"504\"\n      height=\"1003\"\n      \n      \n                                    srcset=\"https:\/\/militarnibracia.pl\/wp-content\/uploads\/2024\/06\/darek.jpg 504w, https:\/\/militarnibracia.pl\/wp-content\/uploads\/2024\/06\/darek-151x300.jpg 151w\"\n                                                                      >\n  \n\n\t\t\t\t\t\n\t\t\t\t\t\t<\/div>\n\t<\/div>\n\n\t\t\t<figcaption class=\"breakdance-image__caption\">\n\t\t\tDariusz S\u0142awi\u0144ski\n\t\t<\/figcaption>\n\t<\/figure>\n\n<\/div>\n<\/div><\/div><\/div>\n<\/section>","protected":false},"excerpt":{"rendered":"<p>Bracia i Historia w Mundurach Witamy w \u015bwiecie Militarnych Braci \u2013 grupy entuzjast\u00f3w historii wojskowo\u015bci, kt\u00f3rzy swoj\u0105 pasj\u0119 przekuwaj\u0105 w autentyczne rekonstrukcje historyczne. Nasza grupa sk\u0142ada si\u0119 z trzech braci, kt\u00f3rzy wsp\u00f3lnie od wielu lat oddaj\u0105 si\u0119 rekonstrukcji wydarze\u0144 z przesz\u0142o\u015bci, przywracaj\u0105c je do \u017cycia za pomoc\u0105 dok\u0142adnie odtworzonych uniform\u00f3w, pojazd\u00f3w i uzbrojenia. Zanurz si\u0119 [&hellip;]<\/p>\n","protected":false},"author":1,"featured_media":0,"parent":0,"menu_order":0,"comment_status":"closed","ping_status":"closed","template":"","meta":{"_breakdance_hide_in_design_set":false,"_breakdance_tags":"","footnotes":""},"class_list":["post-18","page","type-page","status-publish","hentry"],"_links":{"self":[{"href":"https:\/\/militarnibracia.pl\/index.php?rest_route=\/wp\/v2\/pages\/18","targetHints":{"allow":["GET"]}}],"collection":[{"href":"https:\/\/militarnibracia.pl\/index.php?rest_route=\/wp\/v2\/pages"}],"about":[{"href":"https:\/\/militarnibracia.pl\/index.php?rest_route=\/wp\/v2\/types\/page"}],"author":[{"embeddable":true,"href":"https:\/\/militarnibracia.pl\/index.php?rest_route=\/wp\/v2\/users\/1"}],"replies":[{"embeddable":true,"href":"https:\/\/militarnibracia.pl\/index.php?rest_route=%2Fwp%2Fv2%2Fcomments&post=18"}],"version-history":[{"count":21,"href":"https:\/\/militarnibracia.pl\/index.php?rest_route=\/wp\/v2\/pages\/18\/revisions"}],"predecessor-version":[{"id":332,"href":"https:\/\/militarnibracia.pl\/index.php?rest_route=\/wp\/v2\/pages\/18\/revisions\/332"}],"wp:attachment":[{"href":"https:\/\/militarnibracia.pl\/index.php?rest_route=%2Fwp%2Fv2%2Fmedia&parent=18"}],"curies":[{"name":"wp","href":"https:\/\/api.w.org\/{rel}","templated":true}]}}