{"id":15,"date":"2024-06-26T12:27:00","date_gmt":"2024-06-26T10:27:00","guid":{"rendered":"https:\/\/militarnibracia.pl\/?page_id=15"},"modified":"2024-06-26T17:51:50","modified_gmt":"2024-06-26T15:51:50","slug":"strona-glowna","status":"publish","type":"page","link":"https:\/\/militarnibracia.pl\/","title":{"rendered":"Home"},"content":{"rendered":"<section class=\"bde-section-15-100 bde-section\">\n  \n\t\n\n\n\n<div class=\"section-container\"><h1 class=\"bde-heading-15-105 bde-heading\">\nPoznaj Militarnych Braci\n<\/h1><div class=\"bde-text-15-102 bde-text\">\nDo\u0142\u0105cz do nas i zanurz si\u0119 w fascynuj\u0105cy \u015bwiat rekonstrukcji historycznych. Zobacz, jak z oddaniem o\u017cywiamy przesz\u0142o\u015b\u0107, odtwarzaj\u0105c bohater\u00f3w i wydarzenia z minionych epok.\n<\/div><div class=\"bde-image-15-104 bde-image\" data-entrance=\"zoomOut\">\n  \n\n\n\n\n\n<figure class=\"breakdance-image breakdance-image--46\">\n\t<div class=\"breakdance-image-container\">\n\t\t<div class=\"breakdance-image-clip\">\n\t\t\t\n\t\t\t\t\n\t\t\t\t\t      \n  \n  \n  \n  \n      \n      <img loading=\"lazy\" decoding=\"async\"\n      class=\"breakdance-image-object\"\n      src=\"https:\/\/militarnibracia.pl\/wp-content\/uploads\/2024\/06\/bracia_2.28.1-scaled.jpg\"\n      width=\"2560\"\n      height=\"1440\"\n      \n      \n                                    srcset=\"https:\/\/militarnibracia.pl\/wp-content\/uploads\/2024\/06\/bracia_2.28.1-scaled.jpg 2560w, https:\/\/militarnibracia.pl\/wp-content\/uploads\/2024\/06\/bracia_2.28.1-300x169.jpg 300w, https:\/\/militarnibracia.pl\/wp-content\/uploads\/2024\/06\/bracia_2.28.1-1024x576.jpg 1024w, https:\/\/militarnibracia.pl\/wp-content\/uploads\/2024\/06\/bracia_2.28.1-768x432.jpg 768w, https:\/\/militarnibracia.pl\/wp-content\/uploads\/2024\/06\/bracia_2.28.1-1536x864.jpg 1536w, https:\/\/militarnibracia.pl\/wp-content\/uploads\/2024\/06\/bracia_2.28.1-2048x1152.jpg 2048w\"\n                                                                      >\n  \n\n\t\t\t\t\t\n\t\t\t\t\t\t<\/div>\n\t<\/div>\n\n\t<\/figure>\n\n<\/div><\/div>\n<\/section>","protected":false},"excerpt":{"rendered":"<p>Poznaj Militarnych Braci Do\u0142\u0105cz do nas i zanurz si\u0119 w fascynuj\u0105cy \u015bwiat rekonstrukcji historycznych. Zobacz, jak z oddaniem o\u017cywiamy przesz\u0142o\u015b\u0107, odtwarzaj\u0105c bohater\u00f3w i wydarzenia z minionych epok.<\/p>\n","protected":false},"author":1,"featured_media":0,"parent":0,"menu_order":0,"comment_status":"closed","ping_status":"closed","template":"","meta":{"_breakdance_hide_in_design_set":false,"_breakdance_tags":"","footnotes":""},"class_list":["post-15","page","type-page","status-publish","hentry"],"_links":{"self":[{"href":"https:\/\/militarnibracia.pl\/index.php?rest_route=\/wp\/v2\/pages\/15","targetHints":{"allow":["GET"]}}],"collection":[{"href":"https:\/\/militarnibracia.pl\/index.php?rest_route=\/wp\/v2\/pages"}],"about":[{"href":"https:\/\/militarnibracia.pl\/index.php?rest_route=\/wp\/v2\/types\/page"}],"author":[{"embeddable":true,"href":"https:\/\/militarnibracia.pl\/index.php?rest_route=\/wp\/v2\/users\/1"}],"replies":[{"embeddable":true,"href":"https:\/\/militarnibracia.pl\/index.php?rest_route=%2Fwp%2Fv2%2Fcomments&post=15"}],"version-history":[{"count":12,"href":"https:\/\/militarnibracia.pl\/index.php?rest_route=\/wp\/v2\/pages\/15\/revisions"}],"predecessor-version":[{"id":333,"href":"https:\/\/militarnibracia.pl\/index.php?rest_route=\/wp\/v2\/pages\/15\/revisions\/333"}],"wp:attachment":[{"href":"https:\/\/militarnibracia.pl\/index.php?rest_route=%2Fwp%2Fv2%2Fmedia&parent=15"}],"curies":[{"name":"wp","href":"https:\/\/api.w.org\/{rel}","templated":true}]}}